{"id":148,"date":"2025-10-01T12:19:56","date_gmt":"2025-10-01T10:19:56","guid":{"rendered":"https:\/\/www.dozent-wojahn.de\/?page_id=148"},"modified":"2025-10-01T12:31:05","modified_gmt":"2025-10-01T10:31:05","slug":"wahlpflichtmodule-und-seminar","status":"publish","type":"page","link":"https:\/\/www.dozent-wojahn.de\/?page_id=148","title":{"rendered":"Wahlpflichtmodule und Seminar"},"content":{"rendered":"\n<p class=\"has-small-font-size\">Stand der Informationen: 09\/2025 (g\u00fcltig f\u00fcr EJ 2023)<\/p>\n\n\n\n<p><\/p>\n\n\n\n<p>Als Wahlpflichtmodule biete ich an:<br><strong>Controlling und Steuerung <\/strong>(Kommunaler Verwaltungsdienst: 5.6; Staatl. Verwaltungsdienst: 5.5)<br><strong>Qualit\u00e4tsmanagement<\/strong> (Kommunaler Verwaltungsdienst: 6.4; VBWL: 6.2; Staatl. Verwaltungsdienst: 6.5; Verwaltungsinformatik: 8.5)<br><br>Als Seminar biete ich an:<br><strong>Wirkungsorientiertes Verwaltungshandeln<\/strong><br>m\u00f6gliche Einzelthemen (eigene Vorschl\u00e4ge m\u00f6glich):<\/p>\n\n\n\n<ul class=\"wp-block-list\">\n<li>Grundlagen des \u201eNew Public Management\u201c<\/li>\n\n\n\n<li>Kundenorientierung in der public governance<\/li>\n\n\n\n<li>Von der Leistung (Output) zur Wirkung (Outcome)<\/li>\n\n\n\n<li>Kennzahlen zur Messung der Integration Gefl\u00fcchteter (Schwerpunkt Ukraine)<\/li>\n\n\n\n<li>Grunds\u00e4tze wirksamer F\u00fchrung (F.Malik, \u201eF\u00fchren Leisten Leben\u201c, Teil II)<\/li>\n\n\n\n<li>Aufgaben wirksamer F\u00fchrung (F.Malik, \u201eF\u00fchren Leisten Leben\u201c, Teil III)<\/li>\n\n\n\n<li>Werkzeuge wirksamer F\u00fchrung (F.Malik, \u201eF\u00fchren Leisten Leben\u201c, Teil IV)<\/li>\n\n\n\n<li>Strategisches Management und das Problem der Komplexit\u00e4t (F.Malik, Strategie des Managements komplexer Systeme, Kap. 2+3)<\/li>\n\n\n\n<li>Entwicklungsstand des Qualit\u00e4tsmanagements in der \u00f6ff. Verwaltung<\/li>\n\n\n\n<li>Potenziale des Wissensmanagements im Hinblick auf Personalfluktuation<\/li>\n\n\n\n<li>(Wirkungsorientierte) Kennzahlen des Personalmanagements<\/li>\n\n\n\n<li>Gap-Analyse, dargestellt an aktuellen Beispielen (Arbeitslosigkeit, R\u00fcstungsindustrie, Integration Gefl\u00fcchteter,\u2026)<\/li>\n\n\n\n<li>Kann der shareholder-value-Ansatz auf die \u00f6ffentl. Verwaltung \u00fcbertragen werden? (wertorientiertes Controlling)<\/li>\n\n\n\n<li>Aggregation von Kennzahlen zu einer Balanced Scorecard<\/li>\n\n\n\n<li>Implementierung von Controlling als Stabsaufgabe oder in der Hierarchie?<\/li>\n\n\n\n<li>Kennzahlen f\u00fcr die Dienstleistungsqualit\u00e4t, dargestellt am RAL G\u00fctezeichen \u201eMittelstandsorientierte Kommunalverwaltung\u201c<\/li>\n<\/ul>\n\n\n\n<p><\/p>\n","protected":false},"excerpt":{"rendered":"<p>Stand der Informationen: 09\/2025 (g\u00fcltig f\u00fcr EJ 2023) Als Wahlpflichtmodule biete ich an:Controlling und Steuerung (Kommunaler Verwaltungsdienst: 5.6; Staatl. Verwaltungsdienst: [&hellip;]<\/p>\n","protected":false},"author":1,"featured_media":0,"parent":0,"menu_order":0,"comment_status":"closed","ping_status":"closed","template":"","meta":{"site-sidebar-layout":"default","site-content-layout":"","ast-site-content-layout":"default","site-content-style":"default","site-sidebar-style":"default","ast-global-header-display":"","ast-banner-title-visibility":"","ast-main-header-display":"","ast-hfb-above-header-display":"","ast-hfb-below-header-display":"","ast-hfb-mobile-header-display":"","site-post-title":"","ast-breadcrumbs-content":"","ast-featured-img":"","footer-sml-layout":"","theme-transparent-header-meta":"","adv-header-id-meta":"","stick-header-meta":"","header-above-stick-meta":"","header-main-stick-meta":"","header-below-stick-meta":"","astra-migrate-meta-layouts":"default","ast-page-background-enabled":"default","ast-page-background-meta":{"desktop":{"background-color":"var(--ast-global-color-5)","background-image":"","background-repeat":"repeat","background-position":"center center","background-size":"auto","background-attachment":"scroll","background-type":"","background-media":"","overlay-type":"","overlay-color":"","overlay-opacity":"","overlay-gradient":""},"tablet":{"background-color":"","background-image":"","background-repeat":"repeat","background-position":"center center","background-size":"auto","background-attachment":"scroll","background-type":"","background-media":"","overlay-type":"","overlay-color":"","overlay-opacity":"","overlay-gradient":""},"mobile":{"background-color":"","background-image":"","background-repeat":"repeat","background-position":"center center","background-size":"auto","background-attachment":"scroll","background-type":"","background-media":"","overlay-type":"","overlay-color":"","overlay-opacity":"","overlay-gradient":""}},"ast-content-background-meta":{"desktop":{"background-color":"var(--ast-global-color-4)","background-image":"","background-repeat":"repeat","background-position":"center center","background-size":"auto","background-attachment":"scroll","background-type":"","background-media":"","overlay-type":"","overlay-color":"","overlay-opacity":"","overlay-gradient":""},"tablet":{"background-color":"var(--ast-global-color-4)","background-image":"","background-repeat":"repeat","background-position":"center center","background-size":"auto","background-attachment":"scroll","background-type":"","background-media":"","overlay-type":"","overlay-color":"","overlay-opacity":"","overlay-gradient":""},"mobile":{"background-color":"var(--ast-global-color-4)","background-image":"","background-repeat":"repeat","background-position":"center center","background-size":"auto","background-attachment":"scroll","background-type":"","background-media":"","overlay-type":"","overlay-color":"","overlay-opacity":"","overlay-gradient":""}},"footnotes":""},"class_list":["post-148","page","type-page","status-publish","hentry"],"_links":{"self":[{"href":"https:\/\/www.dozent-wojahn.de\/index.php?rest_route=\/wp\/v2\/pages\/148","targetHints":{"allow":["GET"]}}],"collection":[{"href":"https:\/\/www.dozent-wojahn.de\/index.php?rest_route=\/wp\/v2\/pages"}],"about":[{"href":"https:\/\/www.dozent-wojahn.de\/index.php?rest_route=\/wp\/v2\/types\/page"}],"author":[{"embeddable":true,"href":"https:\/\/www.dozent-wojahn.de\/index.php?rest_route=\/wp\/v2\/users\/1"}],"replies":[{"embeddable":true,"href":"https:\/\/www.dozent-wojahn.de\/index.php?rest_route=%2Fwp%2Fv2%2Fcomments&post=148"}],"version-history":[{"count":3,"href":"https:\/\/www.dozent-wojahn.de\/index.php?rest_route=\/wp\/v2\/pages\/148\/revisions"}],"predecessor-version":[{"id":154,"href":"https:\/\/www.dozent-wojahn.de\/index.php?rest_route=\/wp\/v2\/pages\/148\/revisions\/154"}],"wp:attachment":[{"href":"https:\/\/www.dozent-wojahn.de\/index.php?rest_route=%2Fwp%2Fv2%2Fmedia&parent=148"}],"curies":[{"name":"wp","href":"https:\/\/api.w.org\/{rel}","templated":true}]}}