{"id":2,"date":"2025-08-02T11:04:39","date_gmt":"2025-08-02T09:04:39","guid":{"rendered":"https:\/\/www.dozent-wojahn.de\/?page_id=2"},"modified":"2025-10-01T12:26:26","modified_gmt":"2025-10-01T10:26:26","slug":"beispiel-seite","status":"publish","type":"page","link":"https:\/\/www.dozent-wojahn.de\/","title":{"rendered":"Startseite \/ Lehre"},"content":{"rendered":"\n<p>Mein Name ist Thomas Wojahn. Ich lehre als hauptamtlicher Dozent an der Hochschule f\u00fcr Polizei und \u00f6ffentliche Verwaltung NRW (HSPV), Abteilung K\u00f6ln. Infos zu mir: ganz unten auf dieser Seite.<\/p>\n\n\n\n<p><strong>Lehre<\/strong><br>Sie finden auf dieser Webseite einige Informationen zu den von mir gelehrten F\u00e4chern, ebenso Hinweise zu den jeweiligen Pr\u00fcfungsformaten.<br>Ich betreue Bachelor-Arbeiten und m\u00f6chte gerne gemeinsam mit interessierten Studenten (m\/w) spannende Themen in den Wahlpflichtmodulen, in Seminaren oder Projekten vertiefend bearbeiten.<\/p>\n\n\n\n<p><a href=\"https:\/\/www.dozent-wojahn.de\/?page_id=40\" data-type=\"page\" data-id=\"40\">Statistik<\/a><br><a href=\"https:\/\/www.dozent-wojahn.de\/?page_id=57\" data-type=\"page\" data-id=\"57\">Volkswirtschaftslehre (VWL) <\/a><br><a href=\"https:\/\/www.dozent-wojahn.de\/?page_id=90\" data-type=\"page\" data-id=\"90\">Controlling<\/a><br><a href=\"https:\/\/www.dozent-wojahn.de\/?page_id=69\" data-type=\"page\" data-id=\"69\">Externes Rechnungswesen<\/a><br><\/p>\n\n\n\n<p>Eine \u00dcbersicht zu den <strong>Wahlpflichtmodulen <\/strong>(Schwerpunkt: Controlling und Steuerung \/ Qualit\u00e4tsmanagement)<br>und zu dem angebotenen <strong>Seminar <\/strong>(Wirkungsorientiertes Verwaltungshandeln) finden Sie auf <a href=\"https:\/\/www.dozent-wojahn.de\/?page_id=148\" data-type=\"page\" data-id=\"148\">Wahlpflichtmodule und Seminar<\/a><\/p>\n\n\n\n<p><br><strong>Betreuung Ihrer Bachelor-Thesis<\/strong><br>F\u00fcr die Wahl Ihres Themas gibt es zwei Strategien:<br>&#8211; Sie w\u00e4hlen ein Thema, f\u00fcr das Sie sich interessieren und zu dem Sie gerne einige Wochen lang schreiben \/ forschen \/ sich austauschen wollen, das w\u00e4re die &#8222;Herzens-Entscheidung&#8220;<br>&#8211; Sie w\u00e4hlen ein Thema, an dem Ihre Einstellungsbeh\u00f6rde (oder die Beh\u00f6rde, zu der Sie sich bewerben wollen), Interesse hat; dies w\u00e4re sozusagen die &#8222;Karriere&#8220;-Entscheidung<br>Beides kann gut sein, ich will das nicht bewerten. So oder so kommt es auf Ihr Engagement an.<br><br><a href=\"https:\/\/www.dozent-wojahn.de\/?page_id=22\" data-type=\"page\" data-id=\"22\">Weitere Infos zur Betreuung von Thesis-Arbeiten und eine Liste meiner &#8222;Wunschthemen&#8220; finden Sie auf der Unterseite zu dem Thema.<\/a><br><\/p>\n\n\n\n<h4 class=\"wp-block-heading\"><strong>\u00dcber mich:<\/strong><\/h4>\n\n\n\n<div class=\"wp-block-columns is-layout-flex wp-container-core-columns-is-layout-28f84493 wp-block-columns-is-layout-flex\">\n<div class=\"wp-block-column is-layout-flow wp-block-column-is-layout-flow\" style=\"flex-basis:50%\">\n<figure class=\"wp-block-image size-large\"><img loading=\"lazy\" decoding=\"async\" width=\"1024\" height=\"881\" src=\"https:\/\/www.dozent-wojahn.de\/wp-content\/uploads\/2025\/08\/Thomas-Wojahn-HSPV_-1024x881.jpg\" alt=\"Thomas Wojahn\" class=\"wp-image-78\" srcset=\"https:\/\/www.dozent-wojahn.de\/wp-content\/uploads\/2025\/08\/Thomas-Wojahn-HSPV_-1024x881.jpg 1024w, https:\/\/www.dozent-wojahn.de\/wp-content\/uploads\/2025\/08\/Thomas-Wojahn-HSPV_-300x258.jpg 300w, https:\/\/www.dozent-wojahn.de\/wp-content\/uploads\/2025\/08\/Thomas-Wojahn-HSPV_-768x661.jpg 768w, https:\/\/www.dozent-wojahn.de\/wp-content\/uploads\/2025\/08\/Thomas-Wojahn-HSPV_-1536x1322.jpg 1536w, https:\/\/www.dozent-wojahn.de\/wp-content\/uploads\/2025\/08\/Thomas-Wojahn-HSPV_-2048x1763.jpg 2048w\" sizes=\"auto, (max-width: 1024px) 100vw, 1024px\" \/><\/figure>\n<\/div>\n\n\n\n<div class=\"wp-block-column is-layout-flow wp-block-column-is-layout-flow\" style=\"flex-basis:50%\">\n<blockquote class=\"wp-block-quote is-layout-flow wp-block-quote-is-layout-flow\">\n<p>Zur Zeit (ab 1.9.2025) lehre ich VWL, Statistik und Controlling.<br>Vor meiner hauptberuflichen Lehrt\u00e4tigkeit habe ich als Lehrbeauftragter Statistik und VWL unterrichtet.<br><br>Buchver\u00f6ffentlichung: &#8222;Wissensmanagement in der Kommunalverwaltung: Mit Wiki-Netzen voneinander lernen und Wissen bewahren&#8220;, 2011. <br>Das Thema Wissens- und Informationsmanagement hat nach meiner Meinung immer noch nicht den Stellenwert in der \u00f6ffentlichen Verwaltung, den es haben sollte. <br>Nach wie vor biete ich dazu Bachelor-Themen an.<br><br>Ich habe umfangreiche Berufserfahrung in der \u00f6ffentlichen Verwaltung, auch als F\u00fchrungskraft, u.a. im Umweltbereich, als Ausbildungsleiter, im Bildungsmonitoring und als Verantwortlicher f\u00fcr die Durchf\u00fchrung der Volksz\u00e4hlung in einem Kreis. Eine T\u00e4tigkeit mit starkem betriebswirtschaftlichen Bezug war die Gr\u00fcndungsberatung (Startercenter NRW) f\u00fcr alle, die sich selbstst\u00e4ndig machen wollen. Bezug zum Thema &#8222;Controlling&#8220; hatte meine Aufgabe als Verantwortlicher f\u00fcr die RAL-Zertifizierung einer Kommune und die Mitarbeit in den Gremien der &#8222;G\u00fctegemeinschaft Mittelstandsorientierte Kommunalverwaltung&#8220;.<\/p>\n<\/blockquote>\n<\/div>\n<\/div>\n","protected":false},"excerpt":{"rendered":"<p>Mein Name ist Thomas Wojahn. Ich lehre als hauptamtlicher Dozent an der Hochschule f\u00fcr Polizei und \u00f6ffentliche Verwaltung NRW (HSPV), [&hellip;]<\/p>\n","protected":false},"author":1,"featured_media":0,"parent":0,"menu_order":0,"comment_status":"closed","ping_status":"open","template":"","meta":{"site-sidebar-layout":"default","site-content-layout":"","ast-site-content-layout":"default","site-content-style":"default","site-sidebar-style":"default","ast-global-header-display":"","ast-banner-title-visibility":"","ast-main-header-display":"","ast-hfb-above-header-display":"","ast-hfb-below-header-display":"","ast-hfb-mobile-header-display":"","site-post-title":"","ast-breadcrumbs-content":"","ast-featured-img":"","footer-sml-layout":"disabled","theme-transparent-header-meta":"","adv-header-id-meta":"","stick-header-meta":"","header-above-stick-meta":"","header-main-stick-meta":"","header-below-stick-meta":"","astra-migrate-meta-layouts":"default","ast-page-background-enabled":"default","ast-page-background-meta":{"desktop":{"background-color":"var(--ast-global-color-5)","background-image":"","background-repeat":"repeat","background-position":"center center","background-size":"auto","background-attachment":"scroll","background-type":"","background-media":"","overlay-type":"","overlay-color":"","overlay-opacity":"","overlay-gradient":""},"tablet":{"background-color":"","background-image":"","background-repeat":"repeat","background-position":"center center","background-size":"auto","background-attachment":"scroll","background-type":"","background-media":"","overlay-type":"","overlay-color":"","overlay-opacity":"","overlay-gradient":""},"mobile":{"background-color":"","background-image":"","background-repeat":"repeat","background-position":"center center","background-size":"auto","background-attachment":"scroll","background-type":"","background-media":"","overlay-type":"","overlay-color":"","overlay-opacity":"","overlay-gradient":""}},"ast-content-background-meta":{"desktop":{"background-color":"var(--ast-global-color-4)","background-image":"","background-repeat":"repeat","background-position":"center center","background-size":"auto","background-attachment":"scroll","background-type":"","background-media":"","overlay-type":"","overlay-color":"","overlay-opacity":"","overlay-gradient":""},"tablet":{"background-color":"var(--ast-global-color-4)","background-image":"","background-repeat":"repeat","background-position":"center center","background-size":"auto","background-attachment":"scroll","background-type":"","background-media":"","overlay-type":"","overlay-color":"","overlay-opacity":"","overlay-gradient":""},"mobile":{"background-color":"var(--ast-global-color-4)","background-image":"","background-repeat":"repeat","background-position":"center center","background-size":"auto","background-attachment":"scroll","background-type":"","background-media":"","overlay-type":"","overlay-color":"","overlay-opacity":"","overlay-gradient":""}},"footnotes":""},"class_list":["post-2","page","type-page","status-publish","hentry"],"_links":{"self":[{"href":"https:\/\/www.dozent-wojahn.de\/index.php?rest_route=\/wp\/v2\/pages\/2","targetHints":{"allow":["GET"]}}],"collection":[{"href":"https:\/\/www.dozent-wojahn.de\/index.php?rest_route=\/wp\/v2\/pages"}],"about":[{"href":"https:\/\/www.dozent-wojahn.de\/index.php?rest_route=\/wp\/v2\/types\/page"}],"author":[{"embeddable":true,"href":"https:\/\/www.dozent-wojahn.de\/index.php?rest_route=\/wp\/v2\/users\/1"}],"replies":[{"embeddable":true,"href":"https:\/\/www.dozent-wojahn.de\/index.php?rest_route=%2Fwp%2Fv2%2Fcomments&post=2"}],"version-history":[{"count":29,"href":"https:\/\/www.dozent-wojahn.de\/index.php?rest_route=\/wp\/v2\/pages\/2\/revisions"}],"predecessor-version":[{"id":152,"href":"https:\/\/www.dozent-wojahn.de\/index.php?rest_route=\/wp\/v2\/pages\/2\/revisions\/152"}],"wp:attachment":[{"href":"https:\/\/www.dozent-wojahn.de\/index.php?rest_route=%2Fwp%2Fv2%2Fmedia&parent=2"}],"curies":[{"name":"wp","href":"https:\/\/api.w.org\/{rel}","templated":true}]}}