{"id":22,"date":"2025-08-02T12:27:30","date_gmt":"2025-08-02T10:27:30","guid":{"rendered":"https:\/\/www.dozent-wojahn.de\/?page_id=22"},"modified":"2025-10-01T12:01:34","modified_gmt":"2025-10-01T10:01:34","slug":"thesis-betreuung","status":"publish","type":"page","link":"https:\/\/www.dozent-wojahn.de\/?page_id=22","title":{"rendered":"Thesis Betreuung"},"content":{"rendered":"\n<h4 class=\"wp-block-heading\"><strong>Welche Themen betreue ich?<\/strong><\/h4>\n\n\n\n<p>Mein Schwerpunkt in der Lehre sind aktuell die F\u00e4cher VWL, Controlling, Statistik. Bestenfalls hat ihr Wunschthema einen (wenigstens mittelbaren) Bezug zu diesen F\u00e4chern. <br>Themen, die ich gerne als Thesis betreuen m\u00f6chte, sind:<br>* Wissensmanagement \/ Informationsmanagement: nach wie vor in vielen Beh\u00f6rden ein unbestelltes Feld, gerne betreue ich weitere Arbeiten dazu<br>* Auswirkungen der aktuellen Zollpolitik auf die Kommunen in NRW (z.B. auf Gewerbesteuer-Einnahmen, Abwanderung von Arbeitspl\u00e4tzen). Da ich zw\u00f6lf Jahre bei einer kommunalen Wirtschaftsf\u00f6rderung t\u00e4tig war, w\u00fcrde ich gerne die &#8222;gro\u00dfen&#8220; Themen der VWL (Konjunktur, oder -wie hier: Z\u00f6lle) konkret herunterbrechen. <br>* Integration Gefl\u00fcchteter (insbesondere aus der Ukraine); m\u00f6gliche Handlungsfelder, die betrachtet werden k\u00f6nnen: KiTas, Schulen, Unterbringung, Sprachkenntnisse, Anerkennung beruflicher Abschl\u00fcsse. Aus meiner beruflichen T\u00e4tigkeit im Bildungsmonitoring heraus habe ich immer noch Interesse an Themen mit sozialwissenschaftlichem Bezug.<br>* Nach wie vor aktuell: &#8222;Qualit\u00e4t in der Verwaltung&#8220;; Aufbau von Berichtswesen, RAL-Zertifizierung &#8222;Mittelstandsorientierte Kommunalverwaltung&#8220;, Management-Systeme, balanced scorecard, Messung der Kundenorientierung, Erarbeitung von wirkungs-orientierten (!) Indikatoren<br>* noch weitgehend unbeachtet in der \u00f6ff. Verwaltung: Spieltheorie (in 2025 hat sich ein Student herangetraut, siehe Liste unten); ein noch weitgehend unbestelltes Feld, auf dem Sie &#8222;Pionierarbeit&#8220; leisten k\u00f6nnen. Anwendungsf\u00e4lle: F\u00fchrungsverhalten, Verhandlungssituationen (unser ganzes Leben besteht -spieltheoretisch!- aus Verhandlungsituationen), \u00f6ffentliche Sicherheit und Ordnung, Bef\u00f6rderungsauswahl<br>* Arbeit der Krisenst\u00e4be: Ja, es kann immer irgendwas schlimmes passieren&#8230; Es muss keine Pandemie sein. Wie bereiten sich Beh\u00f6rden auf etwas vor, von dem man nicht weiss was es ist und wann es passiert? Eine Bachelor-Thesis k\u00f6nnte sich mit &#8222;best practices&#8220; besch\u00e4ftigen: Welche Handlungskompetenzen und Strukturen (auch Wissensmanagement, mein Lieblingsthema) m\u00fcssen in einem Team aufgebaut werden, um sozusagen auf einer &#8222;Meta-Ebene&#8220; bestm\u00f6glich vorbereitet zu sein?<br>* ich warte immer noch auf jemanden, der \/ die sich an das Thema &#8222;Organisationspsychologie&#8220; mit der Spezialisierung auf &#8222;Kultur einer Organisation&#8220; einl\u00e4sst: Wie sehr pr\u00e4gen die F\u00fchrungskr\u00e4fte? Gibt es so etwas wie &#8222;Leadership&#8220; im \u00f6ffentlichen Dienst? siehe: Robert Kaplan, &#8222;Ownership Mindset&#8220; im Buch &#8222;what you really need to lead&#8220;<br>* Auch personalwirtschaftliche Themen lehne ich nicht ab; vielleicht mal was handfestes zu &#8222;Generation Z im Arbeitsleben&#8220;? gelten die &#8222;alten&#8220; Paradigmen noch (siehe Malik &#8222;F\u00fchren Leisten Leben&#8220;, oder -zeitlich noch davor- Peter Druckers smarte Ziele, &#8222;The Practice of Management&#8220;)<br><\/p>\n\n\n\n<h4 class=\"wp-block-heading\"><strong>Ziele und Inhalte der Bachelorarbeit und des Kolloquiums<\/strong><\/h4>\n\n\n\n<p>Nachfolgend einige Ausz\u00fcge aus der Modulbeschreibung, Stand 08\/2024, g\u00fcltig ab EJ 2023:<\/p>\n\n\n\n<ul class=\"wp-block-list\">\n<li>Analyse eines rechts-, wirtschafts-, sozialwissenschaftliches oder interdisziplin\u00e4ren Themas mit Bez\u00fcgen zur Verwaltung <br>und\/oder eines f\u00fcr die Fachpraxis relevantes Themas,<\/li>\n\n\n\n<li>theoretisch oder empirisch (Anmerkung: &#8222;empirisch&#8220; kann auch bedeuten, (wenige) qualitative strukturierte Interviews durchzuf\u00fchren)<\/li>\n\n\n\n<li>schriftliche Darstellung (Bachelorarbeit) unter Beachtung wissenschaftlicher Formalia <\/li>\n\n\n\n<li>Im Kolloquium werden das methodische Vorgehen und die Kernaussagen in einem Referat (Anmerkung: 5 Minuten) erl\u00e4utert und<\/li>\n\n\n\n<li>die Erkenntnisse der Bachelorarbeit im kritischen Diskurs verteidigt: Die Studierenden sollen nachweisen, dass sie gesichertes Wissen auf den in der Bachelorarbeit behandelten Gebieten besitzen und f\u00e4hig sind, die Ergebnisse der Arbeit selbstst\u00e4ndig zu begr\u00fcnden.<\/li>\n<\/ul>\n\n\n\n<p><strong>Ablauf des Kolloquiums<\/strong><br>Circa Mitte August werden Sie von der Verwaltung der HSPV informiert, ob Sie zum Kolloquium zugelassen sind. Falls ja, sende ich Ihnen eine Mail mit ungef\u00e4hr diesem Inhalt:<br><mark style=\"background-color:rgba(0, 0, 0, 0)\" class=\"has-inline-color has-ast-global-color-1-color\"><em>Das Kolloquium dauert 20 Minuten. Diese Zeit ist vorgegeben und kann zur Wahrung der Chancengleichheit nicht im Einzelfall verl\u00e4ngert werden. Die Zeit vergeht erfahrungsgem\u00e4\u00df wie im Fluge. Stellen Sie bitte zu Beginn Ihre Arbeit kurz (5 Min) vor, wobei Sie unterstellen k\u00f6nnen, dass sowohl ich als auch [Herr \/ Frau X, Zweitbetreuer\/In] die Arbeit gelesen haben, es geht also um Ihnen besonders wichtige Aspekte und \/ oder auch Ihre Motivation zur Wahl des Themas. Greifen Sie mutig einzelne Aspekte \/ Thesen heraus und erl\u00e4utern Sie, welche Einfl\u00fcsse die Punkte auf die \u00f6ff. Verwaltung haben; ggfls. auch Diskussionspunkte oder ungekl\u00e4rte Forschungsfragen, denen man zuk\u00fcnftig noch nachgehen k\u00f6nnte. In der Wahl des Medieneinsatzes sind Sie frei, wobei ich pers\u00f6nlich nicht per Beamer vor zwei Leuten pr\u00e4sentieren w\u00fcrde. Nat\u00fcrlich d\u00fcrfen Sie Karteikarten, Sprechzettel und dergleichen verwenden. Sie d\u00fcrften uns auch z.B. eine ausgedruckte Gliederung Ihres Referates geben. Auf der Grundlage unserer vorl\u00e4ufigen Bewertung und Ihrer Er\u00f6ffnungs-Pr\u00e4sentation besprechen wir dann Ihre Arbeit. Ich m\u00f6chte Ihnen ausdr\u00fccklich empfehlen, dies nicht als &#8222;Pr\u00fcfung&#8220;, sondern als Gespr\u00e4ch unter drei gebildeten und interessierten Personen zu sehen. Es geht hier nicht um Wissensabfrage. Vielleicht fordern wir Sie auch mal zu einem Blick \u00fcber den Tellerrand heraus oder bringen Gegenargumente. Sehen Sie dies bitte -wie schon geschrieben- als akademischen Diskurs, nicht als Pr\u00fcfung.<\/em><br><em>Weitere Teilnehmer (Zuh\u00f6rer) wurden mir nicht gemeldet, aber selbst wenn noch jemand kommt: Adressaten des &#8222;5 Minuten Vortrages&#8220; sind nur [Herr \/ Frau Zweitbetreuer\/In] und ich, auf keinen Fall m\u00fcssten Sie in den 5 Minuten das Thema f\u00fcr &#8222;Fachfremde&#8220; erkl\u00e4ren.<\/em><\/mark><\/p>\n\n\n\n<h4 class=\"wp-block-heading\"><strong>bereits betreute Bachelor-Arbeiten (Auszug)<\/strong><\/h4>\n\n\n\n<p>2015 \u201eDie <strong>Zusatzversorgung <\/strong>des \u00f6ffentlichen Dienstes als Baustein der Altersvorsorge\u201c<br>2016 \u201eAnforderungen an eine erfolgreiche kommunale <strong>Wirtschaftsf\u00f6rderung <\/strong>im Zeitalter der Digitalisierung\u201c<br>2018 \u201e<strong>Mobbing <\/strong>am Arbeitsplatz\u201c<br>2020 \u201eEine Analyse der <strong>Konjunktur <\/strong>und ihr Einfluss auf die kommunalen Gewerbesteuern\u201c<br>2020 \u201e<strong>Datenschutz <\/strong>in Kommunalverwaltungen\u201c<br>2023 \u201eBarrieren und L\u00f6sungsans\u00e4tze im <strong>Wissensmanagement <\/strong>vor dem Hintergrund des Demographischen Wandels\u201c<br>2024 \u201eEinfluss der <strong>Digitalisierung <\/strong>in der \u00f6ffentlichen Verwaltung \u2013 K\u00f6nnen Beh\u00f6rden aufgrund der in der Pandemie gemachten Erfahrungen nun flexibler auf \u00e4u\u00dfere Reize reagieren?\u201c Dazu eine Bemerkung von mir: Auf der Startseite dieser Website habe ich schon geschrieben, dass Wissensmanagement mein Steckenpferd ist. Nachdem ich dann w\u00e4hrend der COVID-Pandemie mit eigenen Augen gesehen habe, dass haufenweise wichtige Informationen (Namen, Mailadressen, Handynummern usw)  auf \u201epost-it\u201c Zettel gekritzelt und durch die B\u00fcros getragen worden sind, war ich neugierig, ob es einen \u201eLernerfolg\u201c bei den Beh\u00f6rden gibt. Dazu habe ich diese Bachelor-Arbeit betreut. Ganz sicher kann man die Ergebnisse der hier untersuchten Kommune nicht verallgemeinern; dennoch wird ein Eindruck, den ich hatte (und habe) durch die Arbeit best\u00e4rkt.<br><br>aktuell (2025) betreue ich eine Arbeit, die sich mit der <strong>Spieltheorie <\/strong>und deren Anwendung in der \u00f6ff. Verwaltung besch\u00e4ftigt<\/p>\n\n\n\n<p>Daneben habe ich auch mehrfach als Zweit-Gutachter weitere Arbeiten betreut, z.B.:<br>2022 \u201e<strong>Open Space<\/strong> B\u00fcros \u2013 Ziele und Einsatzm\u00f6glichkeiten&#8220;<\/p>\n\n\n\n<h4 class=\"wp-block-heading\"><strong>Formalia<\/strong><\/h4>\n\n\n\n<p>Alle Termine und Fristen werden seitens der HSPV vorgegeben. In der Regel muss sp\u00e4testens Ende Januar die Betreuungszusage gekl\u00e4rt sein. <br>Bestenfalls sprechen Sie mich schon ab Oktober des Vorjahres an, um Ihre Themenwahl und meine Betreuungsm\u00f6glichkeiten zu besprechen.<br>Bitte beachten Sie die Hinweise der <a href=\"https:\/\/www.hspv.nrw.de\/studium\/pruefungen-im-bachelor\/regelungen-und-formulare#c1274\" target=\"_blank\" rel=\"noreferrer noopener\">HSPV (Link, Stand August 2025)<\/a>. Dies gilt insbesondere f\u00fcr die &#8222;Arbeitshilfe zum wissenschaftlichen Arbeiten&#8220;.<br><\/p>\n\n\n\n<h4 class=\"wp-block-heading\"><strong>Kontakt<\/strong><\/h4>\n\n\n\n<p>Am besten schreiben Sie mir eine Mail (thomas.wojahn at hspv.nrw.de), wir vereinbaren dann einen zoom-Termin oder ein Gespr\u00e4ch in der HSPV (Erna-Scheffler-Stra\u00dfe)<br><\/p>\n","protected":false},"excerpt":{"rendered":"<p>Welche Themen betreue ich? Mein Schwerpunkt in der Lehre sind aktuell die F\u00e4cher VWL, Controlling, Statistik. Bestenfalls hat ihr Wunschthema [&hellip;]<\/p>\n","protected":false},"author":1,"featured_media":0,"parent":0,"menu_order":0,"comment_status":"closed","ping_status":"closed","template":"","meta":{"site-sidebar-layout":"default","site-content-layout":"","ast-site-content-layout":"default","site-content-style":"default","site-sidebar-style":"default","ast-global-header-display":"","ast-banner-title-visibility":"","ast-main-header-display":"","ast-hfb-above-header-display":"","ast-hfb-below-header-display":"","ast-hfb-mobile-header-display":"","site-post-title":"","ast-breadcrumbs-content":"","ast-featured-img":"","footer-sml-layout":"","theme-transparent-header-meta":"","adv-header-id-meta":"","stick-header-meta":"","header-above-stick-meta":"","header-main-stick-meta":"","header-below-stick-meta":"","astra-migrate-meta-layouts":"default","ast-page-background-enabled":"default","ast-page-background-meta":{"desktop":{"background-color":"var(--ast-global-color-5)","background-image":"","background-repeat":"repeat","background-position":"center center","background-size":"auto","background-attachment":"scroll","background-type":"","background-media":"","overlay-type":"","overlay-color":"","overlay-opacity":"","overlay-gradient":""},"tablet":{"background-color":"","background-image":"","background-repeat":"repeat","background-position":"center center","background-size":"auto","background-attachment":"scroll","background-type":"","background-media":"","overlay-type":"","overlay-color":"","overlay-opacity":"","overlay-gradient":""},"mobile":{"background-color":"","background-image":"","background-repeat":"repeat","background-position":"center center","background-size":"auto","background-attachment":"scroll","background-type":"","background-media":"","overlay-type":"","overlay-color":"","overlay-opacity":"","overlay-gradient":""}},"ast-content-background-meta":{"desktop":{"background-color":"var(--ast-global-color-4)","background-image":"","background-repeat":"repeat","background-position":"center center","background-size":"auto","background-attachment":"scroll","background-type":"","background-media":"","overlay-type":"","overlay-color":"","overlay-opacity":"","overlay-gradient":""},"tablet":{"background-color":"var(--ast-global-color-4)","background-image":"","background-repeat":"repeat","background-position":"center center","background-size":"auto","background-attachment":"scroll","background-type":"","background-media":"","overlay-type":"","overlay-color":"","overlay-opacity":"","overlay-gradient":""},"mobile":{"background-color":"var(--ast-global-color-4)","background-image":"","background-repeat":"repeat","background-position":"center center","background-size":"auto","background-attachment":"scroll","background-type":"","background-media":"","overlay-type":"","overlay-color":"","overlay-opacity":"","overlay-gradient":""}},"footnotes":""},"class_list":["post-22","page","type-page","status-publish","hentry"],"_links":{"self":[{"href":"https:\/\/www.dozent-wojahn.de\/index.php?rest_route=\/wp\/v2\/pages\/22","targetHints":{"allow":["GET"]}}],"collection":[{"href":"https:\/\/www.dozent-wojahn.de\/index.php?rest_route=\/wp\/v2\/pages"}],"about":[{"href":"https:\/\/www.dozent-wojahn.de\/index.php?rest_route=\/wp\/v2\/types\/page"}],"author":[{"embeddable":true,"href":"https:\/\/www.dozent-wojahn.de\/index.php?rest_route=\/wp\/v2\/users\/1"}],"replies":[{"embeddable":true,"href":"https:\/\/www.dozent-wojahn.de\/index.php?rest_route=%2Fwp%2Fv2%2Fcomments&post=22"}],"version-history":[{"count":22,"href":"https:\/\/www.dozent-wojahn.de\/index.php?rest_route=\/wp\/v2\/pages\/22\/revisions"}],"predecessor-version":[{"id":147,"href":"https:\/\/www.dozent-wojahn.de\/index.php?rest_route=\/wp\/v2\/pages\/22\/revisions\/147"}],"wp:attachment":[{"href":"https:\/\/www.dozent-wojahn.de\/index.php?rest_route=%2Fwp%2Fv2%2Fmedia&parent=22"}],"curies":[{"name":"wp","href":"https:\/\/api.w.org\/{rel}","templated":true}]}}