{"id":40,"date":"2025-08-02T16:24:32","date_gmt":"2025-08-02T14:24:32","guid":{"rendered":"https:\/\/www.dozent-wojahn.de\/?page_id=40"},"modified":"2025-08-02T16:57:22","modified_gmt":"2025-08-02T14:57:22","slug":"statistik","status":"publish","type":"page","link":"https:\/\/www.dozent-wojahn.de\/?page_id=40","title":{"rendered":"Statistik"},"content":{"rendered":"\n<p>Statistik wird im <br>&#8211; Bachelor-Studiengang &#8222;Verwaltungsinformatik&#8220; im S1 (Teilmodul 4.2.2) mit 2 LVS je Woche und <br>&#8211; Bachelor-Studiengang &#8222;Verwaltungs-BWL&#8220; im S3 (Teilmodul 3.1.2) mit 3 SWS gelehrt.<br>Die Lehrinhalte und Kompetenzziele sind deckungsgleich.<br><br>Den Lehrstoff habe ich auf 2 Seiten zusammengefasst, siehe unten. <br>Seite 1 behandelt das Gebiet der beschreibenden Statistik,<br>Seite 2 behandelt die schlie\u00dfende Statistik.<br>Das Dokument hat den Zweck, die Themen im Zusammenhang zu nennen und Ihnen so bei der Bearbeitung von Aufgaben und w\u00e4hrend der Klausurvorbereitung als Schema f\u00fcr die Erkennung des Aufgabentyps zu dienen. <br>Das Dokument hat nicht den Zweck, den Stoff zu erkl\u00e4ren bzw. zu lehren.<\/p>\n\n\n\n<p>Aufgrund der verwendeten Sonderzeichen (griechische Buchstaben und Buchstaben mit &#8222;Dach&#8220;) kann ich das Dokument hier nicht als normalen Text einf\u00fcgen, sondern nur als Bild. Unten finden Sie den Link, um das PDF herunterladen zu k\u00f6nnen.<\/p>\n\n\n\n<figure class=\"wp-block-image size-large\"><img loading=\"lazy\" decoding=\"async\" width=\"724\" height=\"1024\" src=\"https:\/\/www.dozent-wojahn.de\/wp-content\/uploads\/2025\/08\/Statistik-Stand-12_2024-Seite-1-724x1024.jpg\" alt=\"\" class=\"wp-image-41\" srcset=\"https:\/\/www.dozent-wojahn.de\/wp-content\/uploads\/2025\/08\/Statistik-Stand-12_2024-Seite-1-724x1024.jpg 724w, https:\/\/www.dozent-wojahn.de\/wp-content\/uploads\/2025\/08\/Statistik-Stand-12_2024-Seite-1-212x300.jpg 212w, https:\/\/www.dozent-wojahn.de\/wp-content\/uploads\/2025\/08\/Statistik-Stand-12_2024-Seite-1-768x1086.jpg 768w, https:\/\/www.dozent-wojahn.de\/wp-content\/uploads\/2025\/08\/Statistik-Stand-12_2024-Seite-1-1086x1536.jpg 1086w, https:\/\/www.dozent-wojahn.de\/wp-content\/uploads\/2025\/08\/Statistik-Stand-12_2024-Seite-1-1448x2048.jpg 1448w, https:\/\/www.dozent-wojahn.de\/wp-content\/uploads\/2025\/08\/Statistik-Stand-12_2024-Seite-1-scaled.jpg 1810w\" sizes=\"auto, (max-width: 724px) 100vw, 724px\" \/><\/figure>\n\n\n\n<figure class=\"wp-block-image size-large\"><img loading=\"lazy\" decoding=\"async\" width=\"724\" height=\"1024\" src=\"https:\/\/www.dozent-wojahn.de\/wp-content\/uploads\/2025\/08\/Statistik-Stand-12_2024-Seite-2-724x1024.jpg\" alt=\"\" class=\"wp-image-42\" srcset=\"https:\/\/www.dozent-wojahn.de\/wp-content\/uploads\/2025\/08\/Statistik-Stand-12_2024-Seite-2-724x1024.jpg 724w, https:\/\/www.dozent-wojahn.de\/wp-content\/uploads\/2025\/08\/Statistik-Stand-12_2024-Seite-2-212x300.jpg 212w, https:\/\/www.dozent-wojahn.de\/wp-content\/uploads\/2025\/08\/Statistik-Stand-12_2024-Seite-2-768x1086.jpg 768w, https:\/\/www.dozent-wojahn.de\/wp-content\/uploads\/2025\/08\/Statistik-Stand-12_2024-Seite-2-1086x1536.jpg 1086w, https:\/\/www.dozent-wojahn.de\/wp-content\/uploads\/2025\/08\/Statistik-Stand-12_2024-Seite-2-1448x2048.jpg 1448w, https:\/\/www.dozent-wojahn.de\/wp-content\/uploads\/2025\/08\/Statistik-Stand-12_2024-Seite-2-scaled.jpg 1810w\" sizes=\"auto, (max-width: 724px) 100vw, 724px\" \/><\/figure>\n\n\n\n<p><a href=\"https:\/\/www.dozent-wojahn.de\/wp-content\/uploads\/2025\/08\/Statistik-HSPV-Thomas-Wojahn.pdf\">Die Datei k\u00f6nnen Sie hier herunterladen.<\/a><\/p>\n\n\n\n<p>Im Lauf des Semesters versorge ich Sie mit Lehrmaterial, dazu geh\u00f6rt:<br>&#8211; ein Skript<br>&#8211; diverse Erkl\u00e4rvideos,<br>&#8211; \u00dcbungsaufgaben,<br>&#8211; L\u00f6sungen zu den \u00dcbungsaufgaben.<br><br>Die Vermittlung des Stoffs erfolgt gr\u00f6\u00dftenteils anhand von Aufgaben. Mathematische Grundlagen werden auf das zum Verst\u00e4ndnis der Methoden notwendige Ma\u00df beschr\u00e4nkt. In der Klausur erhalten Sie eine Formelsammlung, die zumindest die &#8222;schwierigen&#8220; Formeln enth\u00e4lt. Grunds\u00e4tzlich werden in den Klausuren Formeln angewendet, ohne diese herleiten zu m\u00fcssen.<\/p>\n\n\n\n<h2 class=\"wp-block-heading\">Pr\u00fcfungsformat: Klausur<\/h2>\n\n\n\n<p>Statistik ist ein Teilmodul, d.h. das Fach wird in einer Klausur gemeinsam mit anderen F\u00e4chern gepr\u00fcft:<br>Verwaltungsinformatik: 180 Minuten Klausur <br>Verwaltungsbetriebswirtschaftslehre: 240 Minuten Klausur <br><br>Die Klausuren sind landesweit einheitlich.<\/p>\n","protected":false},"excerpt":{"rendered":"<p>Statistik wird im &#8211; Bachelor-Studiengang &#8222;Verwaltungsinformatik&#8220; im S1 (Teilmodul 4.2.2) mit 2 LVS je Woche und &#8211; Bachelor-Studiengang &#8222;Verwaltungs-BWL&#8220; im [&hellip;]<\/p>\n","protected":false},"author":1,"featured_media":0,"parent":0,"menu_order":0,"comment_status":"closed","ping_status":"closed","template":"","meta":{"site-sidebar-layout":"default","site-content-layout":"","ast-site-content-layout":"default","site-content-style":"default","site-sidebar-style":"default","ast-global-header-display":"","ast-banner-title-visibility":"","ast-main-header-display":"","ast-hfb-above-header-display":"","ast-hfb-below-header-display":"","ast-hfb-mobile-header-display":"","site-post-title":"","ast-breadcrumbs-content":"","ast-featured-img":"","footer-sml-layout":"","theme-transparent-header-meta":"","adv-header-id-meta":"","stick-header-meta":"","header-above-stick-meta":"","header-main-stick-meta":"","header-below-stick-meta":"","astra-migrate-meta-layouts":"default","ast-page-background-enabled":"default","ast-page-background-meta":{"desktop":{"background-color":"var(--ast-global-color-5)","background-image":"","background-repeat":"repeat","background-position":"center center","background-size":"auto","background-attachment":"scroll","background-type":"","background-media":"","overlay-type":"","overlay-color":"","overlay-opacity":"","overlay-gradient":""},"tablet":{"background-color":"","background-image":"","background-repeat":"repeat","background-position":"center center","background-size":"auto","background-attachment":"scroll","background-type":"","background-media":"","overlay-type":"","overlay-color":"","overlay-opacity":"","overlay-gradient":""},"mobile":{"background-color":"","background-image":"","background-repeat":"repeat","background-position":"center center","background-size":"auto","background-attachment":"scroll","background-type":"","background-media":"","overlay-type":"","overlay-color":"","overlay-opacity":"","overlay-gradient":""}},"ast-content-background-meta":{"desktop":{"background-color":"var(--ast-global-color-4)","background-image":"","background-repeat":"repeat","background-position":"center center","background-size":"auto","background-attachment":"scroll","background-type":"","background-media":"","overlay-type":"","overlay-color":"","overlay-opacity":"","overlay-gradient":""},"tablet":{"background-color":"var(--ast-global-color-4)","background-image":"","background-repeat":"repeat","background-position":"center center","background-size":"auto","background-attachment":"scroll","background-type":"","background-media":"","overlay-type":"","overlay-color":"","overlay-opacity":"","overlay-gradient":""},"mobile":{"background-color":"var(--ast-global-color-4)","background-image":"","background-repeat":"repeat","background-position":"center center","background-size":"auto","background-attachment":"scroll","background-type":"","background-media":"","overlay-type":"","overlay-color":"","overlay-opacity":"","overlay-gradient":""}},"footnotes":""},"class_list":["post-40","page","type-page","status-publish","hentry"],"_links":{"self":[{"href":"https:\/\/www.dozent-wojahn.de\/index.php?rest_route=\/wp\/v2\/pages\/40","targetHints":{"allow":["GET"]}}],"collection":[{"href":"https:\/\/www.dozent-wojahn.de\/index.php?rest_route=\/wp\/v2\/pages"}],"about":[{"href":"https:\/\/www.dozent-wojahn.de\/index.php?rest_route=\/wp\/v2\/types\/page"}],"author":[{"embeddable":true,"href":"https:\/\/www.dozent-wojahn.de\/index.php?rest_route=\/wp\/v2\/users\/1"}],"replies":[{"embeddable":true,"href":"https:\/\/www.dozent-wojahn.de\/index.php?rest_route=%2Fwp%2Fv2%2Fcomments&post=40"}],"version-history":[{"count":8,"href":"https:\/\/www.dozent-wojahn.de\/index.php?rest_route=\/wp\/v2\/pages\/40\/revisions"}],"predecessor-version":[{"id":56,"href":"https:\/\/www.dozent-wojahn.de\/index.php?rest_route=\/wp\/v2\/pages\/40\/revisions\/56"}],"wp:attachment":[{"href":"https:\/\/www.dozent-wojahn.de\/index.php?rest_route=%2Fwp%2Fv2%2Fmedia&parent=40"}],"curies":[{"name":"wp","href":"https:\/\/api.w.org\/{rel}","templated":true}]}}