{"id":57,"date":"2025-08-02T17:08:38","date_gmt":"2025-08-02T15:08:38","guid":{"rendered":"https:\/\/www.dozent-wojahn.de\/?page_id=57"},"modified":"2025-08-31T15:18:57","modified_gmt":"2025-08-31T13:18:57","slug":"volkswirtschaftslehre","status":"publish","type":"page","link":"https:\/\/www.dozent-wojahn.de\/?page_id=57","title":{"rendered":"Volkswirtschaftslehre"},"content":{"rendered":"\n<p>VWL wird im <br>&#8211; staatlichen und kommunalen Verwaltungsdienst (L.B.) und im <br>&#8211; kommunalen Verwaltungsdienst (B.A. VBWL) <br>im Modul 2.3 mit 4 LVS gelehrt, zu dem Modul geh\u00f6rt neben VWL noch \u00d6BWL mit 3 LVS. <\/p>\n\n\n\n<p>Lehrinhalte sind (Stand: Modulbeschreibung EJ 2023):<br>&#8211; Volkswirtschaftliche Grundbegriffe und -konzepte<br>&#8211; Grundz\u00fcge der Mikro\u00f6konomik einschlie\u00dflich Marktversagenstheorie<br>&#8211; F\u00fcr kommunales bzw. staatliches Handeln relevante Teile der Makro\u00f6konomik<br>&#8211; Aktuelle Anwendungen aus ausgew\u00e4hlten Bereichen der Wirtschaftspolitik<\/p>\n\n\n\n<p>In der Lehre werden wir diese sperrigen Begriffe mit Leben f\u00fcllen. Das alles hat mehr mit unserem Alltag -beruflich wie privat- zu tun, als man beim Lesen der Begriffe zun\u00e4chst vermutet!<\/p>\n\n\n\n<p>Die Vermittlung des Stoffs folgt im wesentlichen der Gliederung des guten Buchs der gesch\u00e4tzten Kollegen Dr. Sprenger-Menzel \/ Hen\u00dfler: &#8222;<strong>Volkswirtschaftslehre und Wirtschaftspolitik<\/strong>&#8222;. Der Kauf des Buches ist nicht unbedingt notwendig, aber empfehlenswert. Die 11. Auflage mit 428 Seiten ist zum Beginn des Studienjahres 2025\/2026 angek\u00fcndigt (voraussichtlich Mitte September 2025).<\/p>\n\n\n\n<p>Diese Gliederung sieht so aus:<br>1. Grundlagen<br>2. Volkswirtschaftliche Gesamtrechnung<br>3. Mikro\u00f6konomik<br>4. Geld- und W\u00e4hrungswesen<br>5. Wirtschaftsordnungen<br>6. Konjunkturtheorie<\/p>\n\n\n\n<p>Neben dem erw\u00e4hnten Buch gibt es -entweder als Erg\u00e4nzung oder als Alternative, die zumindest einen guten Einstieg bietet- eine weitere Fassung: &#8222;<strong>Einf\u00fchrung in die VWL in Bachelor- und Masterstudieng\u00e4ngen<\/strong>&#8220; (Dr. Sprenger-Menzel \/ Hartmann). Dieses Buch stellt den Stoff kompakt in Form von Tabellen und Schaubildern dar und bietet durch die \u00dcbungsfragen (mit L\u00f6sungen) eine gute Vorbereitung auf die Pr\u00fcfung. Die 8.Auflage ist f\u00fcr September 2025 angek\u00fcndigt und hat 238 Seiten.<\/p>\n\n\n\n<p>Im Lauf des Semesters versorge ich Sie mit einem Skript, aber Sie m\u00fcssen (!) erg\u00e4nzende Literatur hinzu ziehen (denken Sie an die M\u00f6glichkeit, zahlreiche gute Werke \u00fcber den digitalen HSPV-Zugang lesen zu k\u00f6nnen). Dies gilt im besonderen Ma\u00dfe f\u00fcr eventuell zu haltende Referate (siehe dazu unten).<\/p>\n\n\n\n<p>R\u00fcckblickend kann ich sagen: Der VWL-Unterricht war immer sehr interessant. Oft haben sich gro\u00dfartige Diskussionen ergeben, weil es zu den meisten Themen aktuelle Nachrichten gibt, z.B.<br>&#8211; Schuldenpaket \/ Staatsverschuldung; &#8222;Sonderverm\u00f6gen&#8220;<br>&#8211; Inflation<br>&#8211; Z\u00f6lle, weltweiter Handel<br>&#8211; Geldmenge und Zinspolitik<br>&#8211; usw.<br><\/p>\n\n\n\n<h2 class=\"wp-block-heading\">Pr\u00fcfungsformat<\/h2>\n\n\n\n<p>Das Modul 2.3 wird m\u00fcndlich gepr\u00fcft. Es handelt sich um eine gemeinsame Pr\u00fcfung mit dem Fach \u00d6BWL. Da VWL eine LVS mehr hat, ist auch die Gewichtung in der Pr\u00fcfung (und Note) etwas h\u00f6her. Es pr\u00fcft, wer gelehrt hat.<br>In der Regel werden 4-er Gruppen gepr\u00fcft. Je Kandidat sollen ca. f\u00fcnf bis sechs Minuten f\u00fcr \u00d6BWL und ca. sieben bis acht Minuten f\u00fcr VWL zur Verf\u00fcgung stehen, also ca. eine Stunde je 4-er Gruppe.<br>Eine m\u00fcndliche Pr\u00fcfung hat den gro\u00dfen Vorteil, dass ich genau weiss was ich unterrichtet habe. Im Grunde genommen ist es unm\u00f6glich, die oben genannten Themengebiete (quasi die gesamte Volkswirtschaftslehre) in einem 4-monatigen Semester in der Tiefe zu behandeln; wir m\u00fcssen uns auf die wesentlichen Inhalte -den &#8222;roten Faden&#8220;- der Kapitel beschr\u00e4nken. Diese Beschr\u00e4nkung bzw. Schwerpunktsetzung wird von verschiedenen Dozenten verschieden wahrgenommen, so dass es f\u00fcr Sie gut ist, von dem Dozenten gepr\u00fcft zu werden, der gelehrt hat. Im \u00dcbrigen mache ich meinen Kursen ein bestimmtes Angebot, n\u00e4mlich: Im Verlauf des Semesters Referate zu halten. Diese d\u00fcrfen nicht benotet werden, aber ich bin geneigt, die Referatsthemen in die jeweilige m\u00fcndliche Pr\u00fcfung einflie\u00dfen zu lassen; so starten alle Kandidaten\/Innen mit einem Thema, bei dem sie auf festem Boden stehen.<\/p>\n","protected":false},"excerpt":{"rendered":"<p>VWL wird im &#8211; staatlichen und kommunalen Verwaltungsdienst (L.B.) und im &#8211; kommunalen Verwaltungsdienst (B.A. VBWL) im Modul 2.3 mit [&hellip;]<\/p>\n","protected":false},"author":1,"featured_media":0,"parent":0,"menu_order":0,"comment_status":"closed","ping_status":"closed","template":"","meta":{"site-sidebar-layout":"default","site-content-layout":"","ast-site-content-layout":"default","site-content-style":"default","site-sidebar-style":"default","ast-global-header-display":"","ast-banner-title-visibility":"","ast-main-header-display":"","ast-hfb-above-header-display":"","ast-hfb-below-header-display":"","ast-hfb-mobile-header-display":"","site-post-title":"","ast-breadcrumbs-content":"","ast-featured-img":"","footer-sml-layout":"","theme-transparent-header-meta":"","adv-header-id-meta":"","stick-header-meta":"","header-above-stick-meta":"","header-main-stick-meta":"","header-below-stick-meta":"","astra-migrate-meta-layouts":"default","ast-page-background-enabled":"default","ast-page-background-meta":{"desktop":{"background-color":"var(--ast-global-color-5)","background-image":"","background-repeat":"repeat","background-position":"center center","background-size":"auto","background-attachment":"scroll","background-type":"","background-media":"","overlay-type":"","overlay-color":"","overlay-opacity":"","overlay-gradient":""},"tablet":{"background-color":"","background-image":"","background-repeat":"repeat","background-position":"center center","background-size":"auto","background-attachment":"scroll","background-type":"","background-media":"","overlay-type":"","overlay-color":"","overlay-opacity":"","overlay-gradient":""},"mobile":{"background-color":"","background-image":"","background-repeat":"repeat","background-position":"center center","background-size":"auto","background-attachment":"scroll","background-type":"","background-media":"","overlay-type":"","overlay-color":"","overlay-opacity":"","overlay-gradient":""}},"ast-content-background-meta":{"desktop":{"background-color":"var(--ast-global-color-4)","background-image":"","background-repeat":"repeat","background-position":"center center","background-size":"auto","background-attachment":"scroll","background-type":"","background-media":"","overlay-type":"","overlay-color":"","overlay-opacity":"","overlay-gradient":""},"tablet":{"background-color":"var(--ast-global-color-4)","background-image":"","background-repeat":"repeat","background-position":"center center","background-size":"auto","background-attachment":"scroll","background-type":"","background-media":"","overlay-type":"","overlay-color":"","overlay-opacity":"","overlay-gradient":""},"mobile":{"background-color":"var(--ast-global-color-4)","background-image":"","background-repeat":"repeat","background-position":"center center","background-size":"auto","background-attachment":"scroll","background-type":"","background-media":"","overlay-type":"","overlay-color":"","overlay-opacity":"","overlay-gradient":""}},"footnotes":""},"class_list":["post-57","page","type-page","status-publish","hentry"],"_links":{"self":[{"href":"https:\/\/www.dozent-wojahn.de\/index.php?rest_route=\/wp\/v2\/pages\/57","targetHints":{"allow":["GET"]}}],"collection":[{"href":"https:\/\/www.dozent-wojahn.de\/index.php?rest_route=\/wp\/v2\/pages"}],"about":[{"href":"https:\/\/www.dozent-wojahn.de\/index.php?rest_route=\/wp\/v2\/types\/page"}],"author":[{"embeddable":true,"href":"https:\/\/www.dozent-wojahn.de\/index.php?rest_route=\/wp\/v2\/users\/1"}],"replies":[{"embeddable":true,"href":"https:\/\/www.dozent-wojahn.de\/index.php?rest_route=%2Fwp%2Fv2%2Fcomments&post=57"}],"version-history":[{"count":11,"href":"https:\/\/www.dozent-wojahn.de\/index.php?rest_route=\/wp\/v2\/pages\/57\/revisions"}],"predecessor-version":[{"id":126,"href":"https:\/\/www.dozent-wojahn.de\/index.php?rest_route=\/wp\/v2\/pages\/57\/revisions\/126"}],"wp:attachment":[{"href":"https:\/\/www.dozent-wojahn.de\/index.php?rest_route=%2Fwp%2Fv2%2Fmedia&parent=57"}],"curies":[{"name":"wp","href":"https:\/\/api.w.org\/{rel}","templated":true}]}}