{"id":69,"date":"2025-08-02T17:54:49","date_gmt":"2025-08-02T15:54:49","guid":{"rendered":"https:\/\/www.dozent-wojahn.de\/?page_id=69"},"modified":"2025-08-31T16:03:39","modified_gmt":"2025-08-31T14:03:39","slug":"externes-rechnungswesen","status":"publish","type":"page","link":"https:\/\/www.dozent-wojahn.de\/?page_id=69","title":{"rendered":"Externes Rechnungswesen"},"content":{"rendered":"\n<p>Aktuell (Stand: Beginn Studienjahr 2025 \/ 2026) lehre ich kein &#8222;exRewe&#8220;, vermutlich im n\u00e4chsten Jahr.<br>Daher habe ich hier auch keine aktuellen Infos hinterlegt, au\u00dfer den Buchempfehlungen:<br><br>Ganz aktuell (Juli 2025: frisch aus der Druckerpresse) liegt das &#8222;<strong>Handbuch Externes Rechnungswesen im Kommunalen Finanzmanagement NRW<\/strong>&#8220; (Golombiewski, K\u00f6rner, Mankel, Wagner) auf meinem Schreibtisch; ein gro\u00dfartiges Buch. Eine umfassende Darstellung des Stoffs auf 386 Seiten von der Buchung im T-Konto \u00fcber die Bilanz bis zur Jahresabschlussanalyse. Die F\u00fclle des hier gebotenen Inhalts d\u00fcrfte nicht nur im Studium, sondern auch in der Praxis die auftretenden Fragen beantworten, zumal auch durch Fu\u00dfnoten und das 13-seitige Literaturverzeichnis ein tieferes Eintauchen in die Materie erm\u00f6glicht wird, z.B. bei Projektarbeiten oder der Thesis.<\/p>\n\n\n\n<p>Nicht ganz so umfangreich, aber -vielleicht gerade wegen der kompakteren Darstellung- ebenfalls sehr empfehlenswert: &#8222;<strong>Externes Rechnungswesen<\/strong>&#8220; (Fritze \/ Stockel-Veltmann); termingerecht zum Beginn des Studienjahres 2025\/2026 liegt mir die nunmehr 8. Auflage vor. Der Umfang von 159 Seiten (ca. DIN A 5) erm\u00f6glicht es, die pr\u00fcfungs- und praxisrelevanten Themen (Aufgaben des Rechnungswesens, Rechnungsgr\u00f6\u00dfen, Doppelte Buchf\u00fchrung, Jahresabschluss und Bilanzanalyse) jeweils in geeigneter Form darzustellen. Wer m\u00f6chte, kauft sich dann direkt auch das Buch &#8222;<strong>Praktische F\u00e4lle<\/strong> aus dem Externen Rechnungswesen und dem kommunalen Finanzmanagement&#8220; (Fritze) dazu, um anhand der Musterklausuren mit L\u00f6sungen f\u00fcr die Pr\u00fcfung ger\u00fcstet zu sein.<\/p>\n\n\n\n<p>Von denselben Autoren (Fritze \/ Stockel-Veltmann) kann ich auch das Buch &#8222;<strong>Kommunales Finanzmanagement<\/strong>&#8220; empfehlen, welches auf 489 Seiten umfassend die Erarbeitung und Planung des kommunalen Haushalts, einschl. der formellen Haushaltssatzung, erl\u00e4utert; ebenso die Themen flexible Haushaltsf\u00fchrung, Haushaltsausgleich, Nachtragssatzung und Jahresabschluss. Das Buch enth\u00e4lt \u00dcbungsaufgaben, die den Studierenden der HSPV eine Lernkontrolle erm\u00f6glichen. Die Tiefe des vermittelten Stoffs  d\u00fcrfte auch dieses Buch ebenso interessant f\u00fcr die Praxis in den Rath\u00e4usern in NRW machen.<\/p>\n\n\n\n<p>\u00dcbrigens: schon als ich ein junger Student war, ging es nicht ohne den &#8222;roten Dresbach&#8220;. Daran d\u00fcrfte sich nichts ge\u00e4ndert haben.<\/p>\n\n\n\n<p><\/p>\n","protected":false},"excerpt":{"rendered":"<p>Aktuell (Stand: Beginn Studienjahr 2025 \/ 2026) lehre ich kein &#8222;exRewe&#8220;, vermutlich im n\u00e4chsten Jahr.Daher habe ich hier auch keine [&hellip;]<\/p>\n","protected":false},"author":1,"featured_media":0,"parent":0,"menu_order":0,"comment_status":"closed","ping_status":"closed","template":"","meta":{"site-sidebar-layout":"default","site-content-layout":"","ast-site-content-layout":"default","site-content-style":"default","site-sidebar-style":"default","ast-global-header-display":"","ast-banner-title-visibility":"","ast-main-header-display":"","ast-hfb-above-header-display":"","ast-hfb-below-header-display":"","ast-hfb-mobile-header-display":"","site-post-title":"","ast-breadcrumbs-content":"","ast-featured-img":"","footer-sml-layout":"","theme-transparent-header-meta":"","adv-header-id-meta":"","stick-header-meta":"","header-above-stick-meta":"","header-main-stick-meta":"","header-below-stick-meta":"","astra-migrate-meta-layouts":"default","ast-page-background-enabled":"default","ast-page-background-meta":{"desktop":{"background-color":"var(--ast-global-color-5)","background-image":"","background-repeat":"repeat","background-position":"center center","background-size":"auto","background-attachment":"scroll","background-type":"","background-media":"","overlay-type":"","overlay-color":"","overlay-opacity":"","overlay-gradient":""},"tablet":{"background-color":"","background-image":"","background-repeat":"repeat","background-position":"center center","background-size":"auto","background-attachment":"scroll","background-type":"","background-media":"","overlay-type":"","overlay-color":"","overlay-opacity":"","overlay-gradient":""},"mobile":{"background-color":"","background-image":"","background-repeat":"repeat","background-position":"center center","background-size":"auto","background-attachment":"scroll","background-type":"","background-media":"","overlay-type":"","overlay-color":"","overlay-opacity":"","overlay-gradient":""}},"ast-content-background-meta":{"desktop":{"background-color":"var(--ast-global-color-4)","background-image":"","background-repeat":"repeat","background-position":"center center","background-size":"auto","background-attachment":"scroll","background-type":"","background-media":"","overlay-type":"","overlay-color":"","overlay-opacity":"","overlay-gradient":""},"tablet":{"background-color":"var(--ast-global-color-4)","background-image":"","background-repeat":"repeat","background-position":"center center","background-size":"auto","background-attachment":"scroll","background-type":"","background-media":"","overlay-type":"","overlay-color":"","overlay-opacity":"","overlay-gradient":""},"mobile":{"background-color":"var(--ast-global-color-4)","background-image":"","background-repeat":"repeat","background-position":"center center","background-size":"auto","background-attachment":"scroll","background-type":"","background-media":"","overlay-type":"","overlay-color":"","overlay-opacity":"","overlay-gradient":""}},"footnotes":""},"class_list":["post-69","page","type-page","status-publish","hentry"],"_links":{"self":[{"href":"https:\/\/www.dozent-wojahn.de\/index.php?rest_route=\/wp\/v2\/pages\/69","targetHints":{"allow":["GET"]}}],"collection":[{"href":"https:\/\/www.dozent-wojahn.de\/index.php?rest_route=\/wp\/v2\/pages"}],"about":[{"href":"https:\/\/www.dozent-wojahn.de\/index.php?rest_route=\/wp\/v2\/types\/page"}],"author":[{"embeddable":true,"href":"https:\/\/www.dozent-wojahn.de\/index.php?rest_route=\/wp\/v2\/users\/1"}],"replies":[{"embeddable":true,"href":"https:\/\/www.dozent-wojahn.de\/index.php?rest_route=%2Fwp%2Fv2%2Fcomments&post=69"}],"version-history":[{"count":4,"href":"https:\/\/www.dozent-wojahn.de\/index.php?rest_route=\/wp\/v2\/pages\/69\/revisions"}],"predecessor-version":[{"id":135,"href":"https:\/\/www.dozent-wojahn.de\/index.php?rest_route=\/wp\/v2\/pages\/69\/revisions\/135"}],"wp:attachment":[{"href":"https:\/\/www.dozent-wojahn.de\/index.php?rest_route=%2Fwp%2Fv2%2Fmedia&parent=69"}],"curies":[{"name":"wp","href":"https:\/\/api.w.org\/{rel}","templated":true}]}}