{"id":90,"date":"2025-08-05T18:03:57","date_gmt":"2025-08-05T16:03:57","guid":{"rendered":"https:\/\/www.dozent-wojahn.de\/?page_id=90"},"modified":"2025-09-03T11:22:40","modified_gmt":"2025-09-03T09:22:40","slug":"controlling","status":"publish","type":"page","link":"https:\/\/www.dozent-wojahn.de\/?page_id=90","title":{"rendered":"Controlling"},"content":{"rendered":"\n<p><br>Stand der Infomationen:  02.09.2025<\/p>\n\n\n\n<p><strong>Einf\u00fchrung in meinen Unterricht im Teilmodul &#8222;Controlling&#8220;<\/strong><\/p>\n\n\n\n<p><mark style=\"background-color:rgba(0, 0, 0, 0)\" class=\"has-inline-color has-ast-global-color-1-color\">&#8222;Sobald ein Verwaltungsmanager nicht mehr alle T\u00e4tigkeiten, die in seiner Organisation ausgef\u00fchrt werden, pers\u00f6nlich \u00fcberwachen kann, ben\u00f6tigt er f\u00fcr die F\u00fchrung Informationen. Als kreisf\u00f6rmigen Vorgang beschreibt Ulrich (Unternehmenspolitik, 1990, S. 15) die F\u00fchrungsfunktionen <em>Kontrollieren<\/em>, <em>Entscheiden <\/em>und <em>In-Gang-Setzen<\/em> bereits im St. Galler Management Modell, und an diesen Grundfunktionen hat sich nichts ge\u00e4ndert.&#8220; <\/mark><br>Mit diesem Zitat aus dem nach wie vor aktuellen und empfehlenswerten Buch &#8222;New Public management&#8220; (Schedler, Kuno \/ Proeller, Isabella; hier zitiert aus der 2. Auflage), ist bereits das Wesentliche gesagt. Controlling darf keineswegs mit &#8222;Kontrolle&#8220; \u00fcbersetzt werden, sondern: Steuern, &#8222;unter Kontrolle halten&#8220;.<\/p>\n\n\n\n<p>In der Praxis bedeutet dies, umfassende und zum Teil sehr kleinteilige Informationen adressaten-gerecht aufzubereiten und zu aggregieren. Diese Aufbereitung erfolgt i.d.R. durch Kennzahlen (dies sind messbare Werte) und Indikatoren (diese sind ein Ersatzma\u00df f\u00fcr schwer oder gar nicht direkt messbare Sachverhalte). Adressatengerecht bedeutet: Je h\u00f6her die Entscheidungsebene, desto st\u00e4rker m\u00fcssen Informationen in Richtung dichotomer Aussagen (&#8222;Ja&#8220; oder &#8222;Nein&#8220;, Machen \/ nicht machen) reduziert werden; anders formuliert: Wir verschonen die oberste Entscheidungsebene von der erdr\u00fcckenden Komplexit\u00e4t und Informationsf\u00fclle, die in gro\u00dfen Organisationen unweigerlich entsteht. Mein Ansatz f\u00fcr <em>Wissensmanagement in der Kommunalverwaltung<\/em> (Wojahn, 2011) folgt diesem Ansatz. Detailwissen ist wichtig! Aber es muss (nur) auf der Ebene vorgehalten werden, die das Thema bearbeitet. Ganz aktuell habe ich die Hoffnung, dass KI uns dabei helfen wird, komplexe Informationen nicht nur mit Kennzahlen, sondern auch sprachlich (in Textdarstellung) zusammenfassend -aggregiert- darzustellen, als Beispiel seien hier Lageberichte in Krisenst\u00e4ben genannt.<\/p>\n\n\n\n<p>Wichtig ist, wie in allen Lehrgebieten, auch im Teilmodul Controlling den &#8222;roten Faden&#8220; im Blick zu behalten. Meine Aufgabe in der Lehre sehe ich nicht darin, die zur Verf\u00fcgung stehende Pr\u00e4senz-Zeit mit dem Ein\u00fcben von -zig Kennzahlen zu verbringen. Der rote Faden lautet: <strong>Was Sie nicht messen k\u00f6nnen, k\u00f6nnen Sie nicht steuern.<\/strong><br><br>Controlling sollte nach meiner Meinung nicht auf Kennzahlen zu finanzwirtschaftlichen Themen reduziert werden, also auf Erfolg (Aufwand \/ Ertrag) und Liquidit\u00e4t (Auszahlungen \/ Einzahlungen), sondern als Teil eines Managementprozesses gesehen werden, der bestenfalls die gesamte Verwaltung umfasst. Denken wir an Beispiele wie Kunden- und Mitarbeiterzufriedenheit, Wartezeiten im B\u00fcrgeramt, digitale KFZ-Anmeldung oder Bearbeitungszeiten eines gewerblichen Bauantrags, dann wird deutlich dass jede Beh\u00f6rde ihr eigenes &#8222;Kennzahlen-Set&#8220; erarbeiten muss, das eigene (politische) Schwerpunkte ber\u00fccksichtigt. Der Goldstandard sind dann die <em><strong>wirkungsorientierten Kennzahlen<\/strong><\/em>. Seit den 1990er Jahren hielt in der Verwaltungswissenschaft unter dem Schlagwort &#8222;New Public Management&#8220; verst\u00e4rkt die Erkenntnis Einzug, dass die <strong>Leistungen <\/strong>einer Beh\u00f6rde gut und sch\u00f6n sind, relevant seien aber die <strong>Wirkungen<\/strong>, die diese Leistungen entfalten, denn staatliche Aufgaben seien erst dann erf\u00fcllt, wenn die erw\u00fcnschte Wirkung eingetreten ist (Produktivit\u00e4t \u00f6ffentl. Dienstleistungen; Naschold, Frieder \/ Pr\u00f6hl, Marga; Bertelsmann 1994). Gro\u00dfe Probleme bei diesem Ansatz liegen sowohl auf der Input-Seite wie auch auf der Ergebnis-Seite: Ursache-Wirkung-Beziehungen sind oft keineswegs so klar, wie es bei vordergr\u00fcndiger Betrachtung scheint und die Entscheidung, welche Ma\u00dfnahmen denn nun zur gew\u00fcnschten Wirkung f\u00fchren, wird oftmals in politischen wie administrativen K\u00f6rperschaften kontrovers diskutiert (Beispiele: Verbrechensrate bei Migranten, Sanktionen im SGB II Bezug).<\/p>\n\n\n\n<p>F\u00fcr eine Einf\u00fchrung soll dies gen\u00fcgen. Und bereits in diesem kurzen Text finden Sie mehrere M\u00f6glichkeiten, tiefer einzusteigen und Projekte oder sogar Bachelor-Themen zu finden. Ich meine, dass ich hier mindestens f\u00fcnf Rosinen im Teig versteckt habe. Sprechen Sie mich dazu gerne an.<\/p>\n\n\n\n<p><strong>NKF Kennzahlen<\/strong>: Wenn auch nicht ausschlie\u00dflich (siehe meine Sichtweise dazu oben), dann aber doch in der notwendigen Tiefe sind die vom Land (bzw. der GPA) empfohlenen Kennzahlen Gegenstand des Lehrstoffs. Daher finden Sie auf dieser Seite den <br><em>Erlass des NRW-Innenministeriums vom 1.10.2008 &#8222;NKF &#8211; Kennzahlen&#8220; <\/em>und das <br><em>Handbuch des Innenministeriums &#8222;Handbuch zum NKF-Kennzahlenset NRW&#8220;<\/em>.<\/p>\n\n\n\n<p>Diese Dokumente sind nach wie vor g\u00fcltig (obwohl schon einige Jahre alt).<\/p>\n\n\n\n<div data-wp-interactive=\"core\/file\" class=\"wp-block-file\"><object data-wp-bind--hidden=\"!state.hasPdfPreview\" hidden class=\"wp-block-file__embed\" data=\"https:\/\/www.dozent-wojahn.de\/wp-content\/uploads\/2025\/08\/Runderlass_des_im_vom_01_10_2008.pdf\" type=\"application\/pdf\" style=\"width:100%;height:600px\" aria-label=\"Einbettung von Runderlass_des_im_vom_01_10_2008.\"><\/object><a id=\"wp-block-file--media-e2bf8ed6-d439-467d-b73b-df3a56d6ee51\" href=\"https:\/\/www.dozent-wojahn.de\/wp-content\/uploads\/2025\/08\/Runderlass_des_im_vom_01_10_2008.pdf\">Runderlass_des_im_vom_01_10_2008<\/a><a href=\"https:\/\/www.dozent-wojahn.de\/wp-content\/uploads\/2025\/08\/Runderlass_des_im_vom_01_10_2008.pdf\" class=\"wp-block-file__button wp-element-button\" download aria-describedby=\"wp-block-file--media-e2bf8ed6-d439-467d-b73b-df3a56d6ee51\">Herunterladen<\/a><\/div>\n\n\n\n<div data-wp-interactive=\"core\/file\" class=\"wp-block-file\"><object data-wp-bind--hidden=\"!state.hasPdfPreview\" hidden class=\"wp-block-file__embed\" data=\"https:\/\/www.dozent-wojahn.de\/wp-content\/uploads\/2025\/08\/NKF-Kennzahlenhandbuch.pdf\" type=\"application\/pdf\" style=\"width:100%;height:600px\" aria-label=\"Einbettung von NKF-Kennzahlenhandbuch.\"><\/object><a id=\"wp-block-file--media-a4ff80f0-f51e-4f45-bd45-c02c6f1a6ce6\" href=\"https:\/\/www.dozent-wojahn.de\/wp-content\/uploads\/2025\/08\/NKF-Kennzahlenhandbuch.pdf\">NKF-Kennzahlenhandbuch<\/a><a href=\"https:\/\/www.dozent-wojahn.de\/wp-content\/uploads\/2025\/08\/NKF-Kennzahlenhandbuch.pdf\" class=\"wp-block-file__button wp-element-button\" download aria-describedby=\"wp-block-file--media-a4ff80f0-f51e-4f45-bd45-c02c6f1a6ce6\">Herunterladen<\/a><\/div>\n","protected":false},"excerpt":{"rendered":"<p>Stand der Infomationen: 02.09.2025 Einf\u00fchrung in meinen Unterricht im Teilmodul &#8222;Controlling&#8220; &#8222;Sobald ein Verwaltungsmanager nicht mehr alle T\u00e4tigkeiten, die in [&hellip;]<\/p>\n","protected":false},"author":1,"featured_media":0,"parent":0,"menu_order":0,"comment_status":"closed","ping_status":"closed","template":"","meta":{"site-sidebar-layout":"default","site-content-layout":"","ast-site-content-layout":"default","site-content-style":"default","site-sidebar-style":"default","ast-global-header-display":"","ast-banner-title-visibility":"","ast-main-header-display":"","ast-hfb-above-header-display":"","ast-hfb-below-header-display":"","ast-hfb-mobile-header-display":"","site-post-title":"","ast-breadcrumbs-content":"","ast-featured-img":"","footer-sml-layout":"","theme-transparent-header-meta":"","adv-header-id-meta":"","stick-header-meta":"","header-above-stick-meta":"","header-main-stick-meta":"","header-below-stick-meta":"","astra-migrate-meta-layouts":"default","ast-page-background-enabled":"default","ast-page-background-meta":{"desktop":{"background-color":"var(--ast-global-color-5)","background-image":"","background-repeat":"repeat","background-position":"center center","background-size":"auto","background-attachment":"scroll","background-type":"","background-media":"","overlay-type":"","overlay-color":"","overlay-opacity":"","overlay-gradient":""},"tablet":{"background-color":"","background-image":"","background-repeat":"repeat","background-position":"center center","background-size":"auto","background-attachment":"scroll","background-type":"","background-media":"","overlay-type":"","overlay-color":"","overlay-opacity":"","overlay-gradient":""},"mobile":{"background-color":"","background-image":"","background-repeat":"repeat","background-position":"center center","background-size":"auto","background-attachment":"scroll","background-type":"","background-media":"","overlay-type":"","overlay-color":"","overlay-opacity":"","overlay-gradient":""}},"ast-content-background-meta":{"desktop":{"background-color":"var(--ast-global-color-4)","background-image":"","background-repeat":"repeat","background-position":"center center","background-size":"auto","background-attachment":"scroll","background-type":"","background-media":"","overlay-type":"","overlay-color":"","overlay-opacity":"","overlay-gradient":""},"tablet":{"background-color":"var(--ast-global-color-4)","background-image":"","background-repeat":"repeat","background-position":"center center","background-size":"auto","background-attachment":"scroll","background-type":"","background-media":"","overlay-type":"","overlay-color":"","overlay-opacity":"","overlay-gradient":""},"mobile":{"background-color":"var(--ast-global-color-4)","background-image":"","background-repeat":"repeat","background-position":"center center","background-size":"auto","background-attachment":"scroll","background-type":"","background-media":"","overlay-type":"","overlay-color":"","overlay-opacity":"","overlay-gradient":""}},"footnotes":""},"class_list":["post-90","page","type-page","status-publish","hentry"],"_links":{"self":[{"href":"https:\/\/www.dozent-wojahn.de\/index.php?rest_route=\/wp\/v2\/pages\/90","targetHints":{"allow":["GET"]}}],"collection":[{"href":"https:\/\/www.dozent-wojahn.de\/index.php?rest_route=\/wp\/v2\/pages"}],"about":[{"href":"https:\/\/www.dozent-wojahn.de\/index.php?rest_route=\/wp\/v2\/types\/page"}],"author":[{"embeddable":true,"href":"https:\/\/www.dozent-wojahn.de\/index.php?rest_route=\/wp\/v2\/users\/1"}],"replies":[{"embeddable":true,"href":"https:\/\/www.dozent-wojahn.de\/index.php?rest_route=%2Fwp%2Fv2%2Fcomments&post=90"}],"version-history":[{"count":9,"href":"https:\/\/www.dozent-wojahn.de\/index.php?rest_route=\/wp\/v2\/pages\/90\/revisions"}],"predecessor-version":[{"id":139,"href":"https:\/\/www.dozent-wojahn.de\/index.php?rest_route=\/wp\/v2\/pages\/90\/revisions\/139"}],"wp:attachment":[{"href":"https:\/\/www.dozent-wojahn.de\/index.php?rest_route=%2Fwp%2Fv2%2Fmedia&parent=90"}],"curies":[{"name":"wp","href":"https:\/\/api.w.org\/{rel}","templated":true}]}}